{"id":7156,"date":"2024-01-17T13:52:29","date_gmt":"2024-01-17T13:52:29","guid":{"rendered":"https:\/\/artsyafrica.com\/?page_id=7156"},"modified":"2024-01-17T14:48:24","modified_gmt":"2024-01-17T14:48:24","slug":"french-magazine","status":"publish","type":"page","link":"https:\/\/artsyafrica.com\/de\/french-magazine","title":{"rendered":"French-Magazine"},"content":{"rendered":"\t\t<div data-elementor-type=\"wp-page\" data-elementor-id=\"7156\" class=\"elementor elementor-7156\">\n\t\t\t\t\t\t<section class=\"elementor-section elementor-top-section elementor-element elementor-element-761e687 elementor-section-boxed elementor-section-height-default elementor-section-height-default wpr-particle-no wpr-jarallax-no wpr-parallax-no wpr-sticky-section-no\" data-id=\"761e687\" data-element_type=\"section\" data-e-type=\"section\" data-settings=\"{&quot;background_background&quot;:&quot;classic&quot;}\">\n\t\t\t\t\t\t<div class=\"elementor-container elementor-column-gap-default\">\n\t\t\t\t\t<div class=\"elementor-column elementor-col-100 elementor-top-column elementor-element elementor-element-7dbe1f5\" data-id=\"7dbe1f5\" data-element_type=\"column\" data-e-type=\"column\">\n\t\t\t<div class=\"elementor-widget-wrap elementor-element-populated\">\n\t\t\t\t\t\t<section class=\"elementor-section elementor-inner-section elementor-element elementor-element-52c160b elementor-section-full_width elementor-section-height-min-height elementor-section-content-middle elementor-section-height-default wpr-particle-no wpr-jarallax-no wpr-parallax-no wpr-sticky-section-no\" data-id=\"52c160b\" data-element_type=\"section\" data-e-type=\"section\" data-settings=\"{&quot;background_background&quot;:&quot;classic&quot;}\">\n\t\t\t\t\t\t\t<div class=\"elementor-background-overlay\"><\/div>\n\t\t\t\t\t\t\t<div class=\"elementor-container elementor-column-gap-default\">\n\t\t\t\t\t<div class=\"elementor-column elementor-col-100 elementor-inner-column elementor-element elementor-element-b0bf3d3\" data-id=\"b0bf3d3\" data-element_type=\"column\" data-e-type=\"column\">\n\t\t\t<div class=\"elementor-widget-wrap elementor-element-populated\">\n\t\t\t\t\t\t<div class=\"elementor-element elementor-element-24e1eb8 elementor-widget elementor-widget-heading\" data-id=\"24e1eb8\" data-element_type=\"widget\" data-e-type=\"widget\" data-widget_type=\"heading.default\">\n\t\t\t\t<div class=\"elementor-widget-container\">\n\t\t\t\t\t<h2 class=\"elementor-heading-title elementor-size-default\">Enqu\u00eate du magazine Artsy Africa<\/h2>\t\t\t\t<\/div>\n\t\t\t\t<\/div>\n\t\t\t\t<div class=\"elementor-element elementor-element-ce92d6b elementor-widget elementor-widget-text-editor\" data-id=\"ce92d6b\" data-element_type=\"widget\" data-e-type=\"widget\" data-widget_type=\"text-editor.default\">\n\t\t\t\t<div class=\"elementor-widget-container\">\n\t\t\t\t\t\t\t\t\t<p>remplissez le questionnaire pour t\u00e9l\u00e9charger le magazine gratuitement.<\/p>\t\t\t\t\t\t\t\t<\/div>\n\t\t\t\t<\/div>\n\t\t\t\t<div class=\"elementor-element elementor-element-5585537 elementor-widget elementor-widget-text-editor\" data-id=\"5585537\" data-element_type=\"widget\" data-e-type=\"widget\" data-widget_type=\"text-editor.default\">\n\t\t\t\t<div class=\"elementor-widget-container\">\n\t\t\t\t\t\t\t\t\t<p>Cette enqu\u00eate a pour but d&#8217;offrir un aper\u00e7u et de c\u00e9l\u00e9brer la riche histoire du continent africain. Toutes les informations collect\u00e9es ici seront uniquement utilis\u00e9es \u00e0 des fins d&#8217;information et pour nous aider \u00e0 atteindre l&#8217;audience que ce magazine m\u00e9rite vraiment.<\/p>\t\t\t\t\t\t\t\t<\/div>\n\t\t\t\t<\/div>\n\t\t\t\t\t<\/div>\n\t\t<\/div>\n\t\t\t\t\t<\/div>\n\t\t<\/section>\n\t\t\t\t<div class=\"elementor-element elementor-element-aea7666 elementor-widget elementor-widget-shortcode\" data-id=\"aea7666\" data-element_type=\"widget\" data-e-type=\"widget\" data-widget_type=\"shortcode.default\">\n\t\t\t\t<div class=\"elementor-widget-container\">\n\t\t\t\t\t\t\t<div class=\"elementor-shortcode\"><div class=\"frm_forms  with_frm_style frm_style_formidable-style\" id=\"frm_form_5_container\" data-token=\"bc6a6fd04a843b868ea0bc0a1c1741ca\">\n<form enctype=\"multipart\/form-data\" method=\"post\" class=\"frm-show-form \" id=\"form_magazine-formidable-122\" data-token=\"bc6a6fd04a843b868ea0bc0a1c1741ca\">\n<div class=\"frm_form_fields \">\n<fieldset>\n<legend class=\"frm_screen_reader\">Magazine formidable French<\/legend>\r\n\r\n<div class=\"frm_fields_container\">\n<input type=\"hidden\" name=\"frm_action\" value=\"create\" \/>\n<input type=\"hidden\" name=\"form_id\" value=\"5\" \/>\n<input type=\"hidden\" name=\"frm_hide_fields_5\" id=\"frm_hide_fields_5\" value=\"\" \/>\n<input type=\"hidden\" name=\"form_key\" value=\"magazine-formidable-122\" \/>\n<input type=\"hidden\" name=\"item_meta[0]\" value=\"\" \/>\n<input type=\"hidden\" id=\"frm_submit_entry_5\" name=\"frm_submit_entry_5\" value=\"0321c693f8\" \/><input type=\"hidden\" name=\"_wp_http_referer\" value=\"\/de\/wp-json\/wp\/v2\/pages\/7156\" \/><div id=\"frm_field_29_container\" class=\"frm_form_field form-field  frm_required_field frm_top_container\">\r\n    <label for=\"field_gxbdl32\" id=\"field_gxbdl32_label\" class=\"frm_primary_label\">Pays de r\u00e9sidence\r\n        <span class=\"frm_required\">*<\/span>\r\n    <\/label>\r\n    <input type=\"text\" id=\"field_gxbdl32\" name=\"item_meta[29]\" value=\"\"  data-reqmsg=\"Pays de r\u00e9sidence cannot be blank.\" aria-required=\"true\" data-invmsg=\"Text is invalid\" aria-invalid=\"false\"  \/>\r\n    \r\n    \r\n<\/div>\n<div id=\"frm_field_30_container\" class=\"frm_form_field form-field  frm_required_field frm_top_container\">\r\n    <label for=\"field_81pkn2\" id=\"field_81pkn2_label\" class=\"frm_primary_label\">Courriel\r\n        <span class=\"frm_required\" aria-hidden=\"true\">*<\/span>\r\n    <\/label>\r\n    <input type=\"email\" id=\"field_81pkn2\" name=\"item_meta[30]\" value=\"\"  data-reqmsg=\"Courriel cannot be blank.\" aria-required=\"true\" data-invmsg=\"Email is invalid\" aria-invalid=\"false\"  \/>\r\n    \r\n    \r\n<\/div>\n<div id=\"frm_field_31_container\" class=\"frm_form_field form-field  frm_required_field frm_top_container vertical_radio\">\r\n    <div  id=\"field_jp8xk32_label\" class=\"frm_primary_label\">Quel \u00e2ge avez-vous ? \r\n        <span class=\"frm_required\">*<\/span>\r\n    <\/div>\r\n    <div class=\"frm_opt_container\" aria-labelledby=\"field_jp8xk32_label\" role=\"radiogroup\" aria-required=\"true\">\t\t<div class=\"frm_radio\" id=\"frm_radio_31-0\">\t\t\t<label  for=\"field_jp8xk32-0\">\n\t\t\t\t\t<input type=\"radio\" name=\"item_meta[31]\" id=\"field_jp8xk32-0\" value=\"10 - 19\"\n\t\t data-reqmsg=\"Quel \u00e2ge avez-vous ?  cannot be blank.\" data-invmsg=\"Quel \u00e2ge avez-vous ?  ist ung\u00fcltig\"   \/> 10 - 19<\/label><\/div>\n\t\t<div class=\"frm_radio\" id=\"frm_radio_31-1\">\t\t\t<label  for=\"field_jp8xk32-1\">\n\t\t\t\t\t<input type=\"radio\" name=\"item_meta[31]\" id=\"field_jp8xk32-1\" value=\"20 - 29\"\n\t\t data-reqmsg=\"Quel \u00e2ge avez-vous ?  cannot be blank.\" data-invmsg=\"Quel \u00e2ge avez-vous ?  ist ung\u00fcltig\"   \/> 20 - 29<\/label><\/div>\n\t\t<div class=\"frm_radio\" id=\"frm_radio_31-2\">\t\t\t<label  for=\"field_jp8xk32-2\">\n\t\t\t\t\t<input type=\"radio\" name=\"item_meta[31]\" id=\"field_jp8xk32-2\" value=\"30 - 39\"\n\t\t data-reqmsg=\"Quel \u00e2ge avez-vous ?  cannot be blank.\" data-invmsg=\"Quel \u00e2ge avez-vous ?  ist ung\u00fcltig\"   \/> 30 - 39<\/label><\/div>\n\t\t<div class=\"frm_radio\" id=\"frm_radio_31-3\">\t\t\t<label  for=\"field_jp8xk32-3\">\n\t\t\t\t\t<input type=\"radio\" name=\"item_meta[31]\" id=\"field_jp8xk32-3\" value=\"40 - 49\"\n\t\t data-reqmsg=\"Quel \u00e2ge avez-vous ?  cannot be blank.\" data-invmsg=\"Quel \u00e2ge avez-vous ?  ist ung\u00fcltig\"   \/> 40 - 49<\/label><\/div>\n\t\t<div class=\"frm_radio\" id=\"frm_radio_31-4\">\t\t\t<label  for=\"field_jp8xk32-4\">\n\t\t\t\t\t<input type=\"radio\" name=\"item_meta[31]\" id=\"field_jp8xk32-4\" value=\"50 - 59\"\n\t\t data-reqmsg=\"Quel \u00e2ge avez-vous ?  cannot be blank.\" data-invmsg=\"Quel \u00e2ge avez-vous ?  ist ung\u00fcltig\"   \/> 50 - 59<\/label><\/div>\n\t\t<div class=\"frm_radio\" id=\"frm_radio_31-5\">\t\t\t<label  for=\"field_jp8xk32-5\">\n\t\t\t\t\t<input type=\"radio\" name=\"item_meta[31]\" id=\"field_jp8xk32-5\" value=\"60 - 69\"\n\t\t data-reqmsg=\"Quel \u00e2ge avez-vous ?  cannot be blank.\" data-invmsg=\"Quel \u00e2ge avez-vous ?  ist ung\u00fcltig\"   \/> 60 - 69<\/label><\/div>\n\t\t<div class=\"frm_radio\" id=\"frm_radio_31-6\">\t\t\t<label  for=\"field_jp8xk32-6\">\n\t\t\t\t\t<input type=\"radio\" name=\"item_meta[31]\" id=\"field_jp8xk32-6\" value=\"70 - 79\"\n\t\t data-reqmsg=\"Quel \u00e2ge avez-vous ?  cannot be blank.\" data-invmsg=\"Quel \u00e2ge avez-vous ?  ist ung\u00fcltig\"   \/> 70 - 79<\/label><\/div>\n\t\t<div class=\"frm_radio\" id=\"frm_radio_31-7\">\t\t\t<label  for=\"field_jp8xk32-7\">\n\t\t\t\t\t<input type=\"radio\" name=\"item_meta[31]\" id=\"field_jp8xk32-7\" value=\"80 - 99\"\n\t\t data-reqmsg=\"Quel \u00e2ge avez-vous ?  cannot be blank.\" data-invmsg=\"Quel \u00e2ge avez-vous ?  ist ung\u00fcltig\"   \/> 80 - 99<\/label><\/div>\n<\/div>\r\n    \r\n    \r\n<\/div>\n<div id=\"frm_field_32_container\" class=\"frm_form_field form-field  frm_required_field frm_top_container vertical_radio\">\r\n    <div  id=\"field_ck5v43_label\" class=\"frm_primary_label\">Votre profession ?\r\n        <span class=\"frm_required\">*<\/span>\r\n    <\/div>\r\n    <div class=\"frm_opt_container\" aria-labelledby=\"field_ck5v43_label\" role=\"radiogroup\" aria-required=\"true\">\t\t<div class=\"frm_radio\" id=\"frm_radio_32-0\">\t\t\t<label  for=\"field_ck5v43-0\">\n\t\t\t\t\t<input type=\"radio\" name=\"item_meta[32]\" id=\"field_ck5v43-0\" value=\"\u00c9tudiant\"\n\t\t data-reqmsg=\"Votre profession ? cannot be blank.\" data-invmsg=\"Votre profession ? ist ung\u00fcltig\"   \/> \u00c9tudiant<\/label><\/div>\n\t\t<div class=\"frm_radio\" id=\"frm_radio_32-1\">\t\t\t<label  for=\"field_ck5v43-1\">\n\t\t\t\t\t<input type=\"radio\" name=\"item_meta[32]\" id=\"field_ck5v43-1\" value=\"Chef d&#039;entreprise\/entrepreneur\"\n\t\t data-reqmsg=\"Votre profession ? cannot be blank.\" data-invmsg=\"Votre profession ? ist ung\u00fcltig\"   \/> Chef d'entreprise\/entrepreneur<\/label><\/div>\n\t\t<div class=\"frm_radio\" id=\"frm_radio_32-2\">\t\t\t<label  for=\"field_ck5v43-2\">\n\t\t\t\t\t<input type=\"radio\" name=\"item_meta[32]\" id=\"field_ck5v43-2\" value=\"Employ\u00e9 d&#039;une organisation \u00e0 but non lucratif ou d&#039;une ONG\"\n\t\t data-reqmsg=\"Votre profession ? cannot be blank.\" data-invmsg=\"Votre profession ? ist ung\u00fcltig\"   \/> Employ\u00e9 d'une organisation \u00e0 but non lucratif ou d'une ONG<\/label><\/div>\n\t\t<div class=\"frm_radio\" id=\"frm_radio_32-3\">\t\t\t<label  for=\"field_ck5v43-3\">\n\t\t\t\t\t<input type=\"radio\" name=\"item_meta[32]\" id=\"field_ck5v43-3\" value=\"L&#039;\u00e9conomiste\"\n\t\t data-reqmsg=\"Votre profession ? cannot be blank.\" data-invmsg=\"Votre profession ? ist ung\u00fcltig\"   \/> L'\u00e9conomiste<\/label><\/div>\n\t\t<div class=\"frm_radio\" id=\"frm_radio_32-4\">\t\t\t<label  for=\"field_ck5v43-4\">\n\t\t\t\t\t<input type=\"radio\" name=\"item_meta[32]\" id=\"field_ck5v43-4\" value=\"Journaliste\/\u00e9crivain\"\n\t\t data-reqmsg=\"Votre profession ? cannot be blank.\" data-invmsg=\"Votre profession ? ist ung\u00fcltig\"   \/> Journaliste\/\u00e9crivain<\/label><\/div>\n\t\t<div class=\"frm_radio\" id=\"frm_radio_32-5\">\t\t\t<label  for=\"field_ck5v43-5\">\n\t\t\t\t\t<input type=\"radio\" name=\"item_meta[32]\" id=\"field_ck5v43-5\" value=\"\u00c9ducateur\/enseignant\"\n\t\t data-reqmsg=\"Votre profession ? cannot be blank.\" data-invmsg=\"Votre profession ? ist ung\u00fcltig\"   \/> \u00c9ducateur\/enseignant<\/label><\/div>\n\t\t<div class=\"frm_radio\" id=\"frm_radio_32-6\">\t\t\t<label  for=\"field_ck5v43-6\">\n\t\t\t\t\t<input type=\"radio\" name=\"item_meta[32]\" id=\"field_ck5v43-6\" value=\"D\u00e9cideur politique \/ fonctionnaire\"\n\t\t data-reqmsg=\"Votre profession ? cannot be blank.\" data-invmsg=\"Votre profession ? ist ung\u00fcltig\"   \/> D\u00e9cideur politique \/ fonctionnaire<\/label><\/div>\n\t\t<div class=\"frm_radio\" id=\"frm_radio_32-7\">\t\t\t<label  for=\"field_ck5v43-7\">\n\t\t\t\t\t<input type=\"radio\" name=\"item_meta[32]\" id=\"field_ck5v43-7\" value=\"Anthropologue culturel\/sociologue\"\n\t\t data-reqmsg=\"Votre profession ? cannot be blank.\" data-invmsg=\"Votre profession ? ist ung\u00fcltig\"   \/> Anthropologue culturel\/sociologue<\/label><\/div>\n\t\t<div class=\"frm_radio\" id=\"frm_radio_32-8\">\t\t\t<label  for=\"field_ck5v43-8\">\n\t\t\t\t\t<input type=\"radio\" name=\"item_meta[32]\" id=\"field_ck5v43-8\" value=\"Scientifique\/activiste de l&#039;environnement\"\n\t\t data-reqmsg=\"Votre profession ? cannot be blank.\" data-invmsg=\"Votre profession ? ist ung\u00fcltig\"   \/> Scientifique\/activiste de l'environnement<\/label><\/div>\n\t\t<div class=\"frm_radio\" id=\"frm_radio_32-9\">\t\t\t<label  for=\"field_ck5v43-9\">\n\t\t\t\t\t<input type=\"radio\" name=\"item_meta[32]\" id=\"field_ck5v43-9\" value=\"Professionnel des ressources humaines\"\n\t\t data-reqmsg=\"Votre profession ? cannot be blank.\" data-invmsg=\"Votre profession ? ist ung\u00fcltig\"   \/> Professionnel des ressources humaines<\/label><\/div>\n\t\t<div class=\"frm_radio\" id=\"frm_radio_32-10\">\t\t\t<label  for=\"field_ck5v43-10\">\n\t\t\t\t\t<input type=\"radio\" name=\"item_meta[32]\" id=\"field_ck5v43-10\" value=\"Autres\"\n\t\t data-reqmsg=\"Votre profession ? cannot be blank.\" data-invmsg=\"Votre profession ? ist ung\u00fcltig\"   \/> Autres<\/label><\/div>\n<\/div>\r\n    \r\n    \r\n<\/div>\n<div id=\"frm_field_33_container\" class=\"frm_form_field form-field  frm_required_field frm_top_container vertical_radio\">\r\n    <div  id=\"field_w58l3_label\" class=\"frm_primary_label\">Comment avez-vous connu le magazine Artsy Africa ?\r\n        <span class=\"frm_required\">*<\/span>\r\n    <\/div>\r\n    <div class=\"frm_opt_container\" aria-labelledby=\"field_w58l3_label\" role=\"radiogroup\" aria-required=\"true\">\t\t<div class=\"frm_radio\" id=\"frm_radio_33-0\">\t\t\t<label  for=\"field_w58l3-0\">\n\t\t\t\t\t<input type=\"radio\" name=\"item_meta[33]\" id=\"field_w58l3-0\" value=\"Postes dans les m\u00e9dias sociaux\"\n\t\t data-reqmsg=\"Comment avez-vous connu le magazine Artsy Africa ? cannot be blank.\" data-invmsg=\"Comment avez-vous connu le magazine Artsy Africa ? ist ung\u00fcltig\"   \/> Postes dans les m\u00e9dias sociaux<\/label><\/div>\n\t\t<div class=\"frm_radio\" id=\"frm_radio_33-1\">\t\t\t<label  for=\"field_w58l3-1\">\n\t\t\t\t\t<input type=\"radio\" name=\"item_meta[33]\" id=\"field_w58l3-1\" value=\"Site web\"\n\t\t data-reqmsg=\"Comment avez-vous connu le magazine Artsy Africa ? cannot be blank.\" data-invmsg=\"Comment avez-vous connu le magazine Artsy Africa ? ist ung\u00fcltig\"   \/> Site web<\/label><\/div>\n\t\t<div class=\"frm_radio\" id=\"frm_radio_33-2\">\t\t\t<label  for=\"field_w58l3-2\">\n\t\t\t\t\t<input type=\"radio\" name=\"item_meta[33]\" id=\"field_w58l3-2\" value=\"Article de presse\"\n\t\t data-reqmsg=\"Comment avez-vous connu le magazine Artsy Africa ? cannot be blank.\" data-invmsg=\"Comment avez-vous connu le magazine Artsy Africa ? ist ung\u00fcltig\"   \/> Article de presse<\/label><\/div>\n\t\t<div class=\"frm_radio\" id=\"frm_radio_33-3\">\t\t\t<label  for=\"field_w58l3-3\">\n\t\t\t\t\t<input type=\"radio\" name=\"item_meta[33]\" id=\"field_w58l3-3\" value=\"De la part d&#039;un ami\"\n\t\t data-reqmsg=\"Comment avez-vous connu le magazine Artsy Africa ? cannot be blank.\" data-invmsg=\"Comment avez-vous connu le magazine Artsy Africa ? ist ung\u00fcltig\"   \/> De la part d'un ami<\/label><\/div>\n\t\t<div class=\"frm_radio\" id=\"frm_radio_33-4\">\t\t\t<label  for=\"field_w58l3-4\">\n\t\t\t\t\t<input type=\"radio\" name=\"item_meta[33]\" id=\"field_w58l3-4\" value=\"Autres\"\n\t\t data-reqmsg=\"Comment avez-vous connu le magazine Artsy Africa ? cannot be blank.\" data-invmsg=\"Comment avez-vous connu le magazine Artsy Africa ? ist ung\u00fcltig\"   \/> Autres<\/label><\/div>\n<\/div>\r\n    \r\n    \r\n<\/div>\n\t<input type=\"hidden\" name=\"item_key\" value=\"\" \/>\n\t\t\t<div id=\"frm_field_51_container\">\n\t\t\t<label for=\"field_b1b5i\" >\n\t\t\t\tFalls Du menschlich bist, lasse dieses Feld leer.\t\t\t<\/label>\n\t\t\t<input  id=\"field_b1b5i\" type=\"text\" class=\"frm_form_field form-field frm_verify\" name=\"item_meta[51]\" value=\"\"  \/>\n\t\t<\/div>\n\t\t<input name=\"frm_state\" type=\"hidden\" value=\"G2QfJLNyS47FIma\/Y7JeLibRn3ArN4D1\/i59neEsddk=\" \/><div class=\"frm_submit\">\r\n\r\n<button class=\"frm_button_submit\" type=\"submit\"  >Submit<\/button>\r\n\r\n<\/div><\/div>\n<\/fieldset>\n<\/div>\n\n<p style=\"display: none !important;\" class=\"akismet-fields-container\" data-prefix=\"ak_\"><label>&#916;<textarea name=\"ak_hp_textarea\" cols=\"45\" rows=\"8\" maxlength=\"100\"><\/textarea><\/label><input type=\"hidden\" id=\"ak_js_1\" name=\"ak_js\" value=\"219\"\/><script>document.getElementById( \"ak_js_1\" ).setAttribute( \"value\", ( new Date() ).getTime() );<\/script><\/p><\/form>\n<\/div>\n<\/div>\n\t\t\t\t\t\t<\/div>\n\t\t\t\t<\/div>\n\t\t\t\t\t<\/div>\n\t\t<\/div>\n\t\t\t\t\t<\/div>\n\t\t<\/section>\n\t\t\t\t<\/div>\n\t\t","protected":false},"excerpt":{"rendered":"<p>Enqu\u00eate du magazine Artsy Africa remplissez le questionnaire pour t\u00e9l\u00e9charger le magazine gratuitement. Cette enqu\u00eate a pour but d&#8217;offrir un aper\u00e7u et de c\u00e9l\u00e9brer la riche histoire du continent africain. Toutes les informations collect\u00e9es ici seront uniquement utilis\u00e9es \u00e0 des fins d&#8217;information et pour nous aider \u00e0 atteindre l&#8217;audience que ce magazine m\u00e9rite vraiment.<\/p>","protected":false},"author":98,"featured_media":0,"parent":0,"menu_order":0,"comment_status":"closed","ping_status":"closed","template":"","meta":{"footnotes":""},"class_list":["post-7156","page","type-page","status-publish","hentry"],"rttpg_featured_image_url":null,"rttpg_author":{"display_name":"Juma Hamis","author_link":"https:\/\/artsyafrica.com\/de\/author\/hamis"},"rttpg_comment":0,"rttpg_category":null,"rttpg_excerpt":"Enqu\u00eate du magazine Artsy Africa remplissez le questionnaire pour t\u00e9l\u00e9charger le magazine gratuitement. Cette enqu\u00eate a pour but d&#8217;offrir un aper\u00e7u et de c\u00e9l\u00e9brer la riche histoire du continent africain. Toutes les informations collect\u00e9es ici seront uniquement utilis\u00e9es \u00e0 des fins d&#8217;information et pour nous aider \u00e0 atteindre l&#8217;audience que ce magazine m\u00e9rite vraiment.","_links":{"self":[{"href":"https:\/\/artsyafrica.com\/de\/wp-json\/wp\/v2\/pages\/7156","targetHints":{"allow":["GET"]}}],"collection":[{"href":"https:\/\/artsyafrica.com\/de\/wp-json\/wp\/v2\/pages"}],"about":[{"href":"https:\/\/artsyafrica.com\/de\/wp-json\/wp\/v2\/types\/page"}],"author":[{"embeddable":true,"href":"https:\/\/artsyafrica.com\/de\/wp-json\/wp\/v2\/users\/98"}],"replies":[{"embeddable":true,"href":"https:\/\/artsyafrica.com\/de\/wp-json\/wp\/v2\/comments?post=7156"}],"version-history":[{"count":7,"href":"https:\/\/artsyafrica.com\/de\/wp-json\/wp\/v2\/pages\/7156\/revisions"}],"predecessor-version":[{"id":7170,"href":"https:\/\/artsyafrica.com\/de\/wp-json\/wp\/v2\/pages\/7156\/revisions\/7170"}],"wp:attachment":[{"href":"https:\/\/artsyafrica.com\/de\/wp-json\/wp\/v2\/media?parent=7156"}],"curies":[{"name":"wp","href":"https:\/\/api.w.org\/{rel}","templated":true}]}}